{"id":21023,"date":"2016-06-14T14:55:58","date_gmt":"2016-06-14T17:55:58","guid":{"rendered":"http:\/\/murray.adv.br.md-42.webhostbox.net\/en\/?page_id=21023"},"modified":"2023-12-07T14:30:40","modified_gmt":"2023-12-07T17:30:40","slug":"contact-us","status":"publish","type":"page","link":"https:\/\/murray.adv.br\/en\/contact-us\/","title":{"rendered":"Contact Us"},"content":{"rendered":"<div id='av_section_1'  class='avia-section main_color avia-section-large avia-no-shadow  av-section-color-overlay-active avia-bg-style-scroll  avia-builder-el-0  el_before_av_one_full  avia-builder-el-first   container_wrap sidebar_right' style='background-repeat: no-repeat; background-image: url(https:\/\/murray.adv.br\/wp-content\/uploads\/2013\/03\/contato.jpg);background-attachment: scroll; background-position: center center;  '  data-section-bg-repeat='no-repeat'><div class='av-section-color-overlay-wrap'><div class='av-section-color-overlay' style='opacity: 0.3; background-image: url(https:\/\/murray.adv.br\/wp-content\/themes\/enfold\/images\/background-images\/dots-mini-strong.png); background-repeat: repeat;'><\/div><div class='container' ><main  class='template-page content  av-content-small alpha units'><div class='post-entry post-entry-type-page post-entry-21023'><div class='entry-content-wrapper clearfix'><\/div><\/div><\/main><!-- close content main element --><\/div><\/div><\/div><div id='after_section_1'  class='main_color av_default_container_wrap container_wrap sidebar_right' style=' '  ><div class='container' ><div class='template-page content  av-content-small alpha units'><div class='post-entry post-entry-type-page post-entry-21023'><div class='entry-content-wrapper clearfix'>\n<div class=\"flex_column av_one_full  flex_column_div av-zero-column-padding first  avia-builder-el-1  el_after_av_section  el_before_av_one_third  avia-builder-el-first  \" style='border-radius:0px; '><div  class='av_gmaps_sc_main_wrap av_gmaps_main_wrap '><div id='av_gmap_0' class='avia-google-map-container avia-google-map-sc av_gmaps_show_unconditionally av-no-fallback-img ' data-mapid='av_gmap_0'  style='height: 400px;'><a class=\"av_gmaps_browser_disabled av_text_confirm_link av_text_confirm_link_visible\" href=\"https:\/\/www.google.com\/maps\/search\/?api=1&#038;query=Alameda%20Santos,%20n\u00b0%202.326%20-%20S\u00e3o%20Paulo%20%20S\u00e3o%20Paulo%20%20%20S\u00e3o%20Paulo\" target=\"_blank\" rel=\"noopener\">Maps were disabled by the visitor on this site. Click to open the map in a new window.<\/a><\/div><\/div><\/div>\n<div class=\"flex_column av_one_third  flex_column_div av-zero-column-padding first  avia-builder-el-3  el_after_av_one_full  el_before_av_one_third  column-top-margin\" style='border-radius:0px; '><p><div  style='padding-bottom:10px; ' class='av-special-heading av-special-heading-h3  blockquote modern-quote  avia-builder-el-4  el_before_av_textblock  avia-builder-el-first  '><h3 class='av-special-heading-tag '  >Murray Brasil<\/h3><div class='special-heading-border'><div class='special-heading-inner-border' ><\/div><\/div><\/div><br \/>\n<section class=\"av_textblock_section \" ><div class='avia_textblock  '  ><p>Alameda Santos, n\u00b0 2.326<br \/>\n12\u00baandar \u2013 Haddock Offices<br \/>\nCEP 01418-200,\u00a0 S\u00e3o Paulo \u2013 SP, Brasil<\/p>\n<p>Tel.: (55) (11) 3132-9400<\/p>\n<p><a href=\"mailto:murray@murray.adv.br\">murray@murray.adv.br<\/a><br \/>\n<a href=\"https:\/\/www.murray.adv.br\">www.murray.adv.br<\/a><\/p>\n<\/div><\/section><\/p><\/div><div class=\"flex_column av_one_third  flex_column_div av-zero-column-padding   avia-builder-el-6  el_after_av_one_third  el_before_av_one_third  column-top-margin\" style='border-radius:0px; '><p><div  style='padding-bottom:10px; ' class='av-special-heading av-special-heading-h3  blockquote modern-quote  avia-builder-el-7  el_before_av_textblock  avia-builder-el-first  '><h3 class='av-special-heading-tag '  >PLG International Lawyers<\/h3><div class='special-heading-border'><div class='special-heading-inner-border' ><\/div><\/div><\/div><br \/>\n<section class=\"av_textblock_section \" ><div class='avia_textblock  '  ><p>4, avenue Jean-Pierre Pescatore<br \/>\nL-2324<br \/>\nLuxembourg<\/p>\n<p>Tel: + 352 260 082 50<br \/>\nFax: + 352 260 082 50<\/p>\n<p><a href=\"mailto:plg@plg.be\">plg@plg.be<\/a><br \/>\n<a href=\"http:\/\/www.plg.eu.com\">www.plg.eu.com<\/a><\/p>\n<\/div><\/section><\/p><\/div><div class=\"flex_column av_one_third  flex_column_div av-zero-column-padding   avia-builder-el-9  el_after_av_one_third  avia-builder-el-last  column-top-margin\" style='border-radius:0px; '><p><div  style='padding-bottom:10px; ' class='av-special-heading av-special-heading-h3  blockquote modern-quote  avia-builder-el-10  el_before_av_textblock  avia-builder-el-first  '><h3 class='av-special-heading-tag '  >Social Network<\/h3><div class='special-heading-border'><div class='special-heading-inner-border' ><\/div><\/div><\/div><br \/>\n<section class=\"av_textblock_section \" ><div class='avia_textblock  '  ><p><span  class=\"av_font_icon avia_animate_when_visible avia-icon-animate  av-icon-style-  av-no-color avia-icon-pos-left \" style=\"\"><a href='https:\/\/www.facebook.com\/Murray-Advogados-557614960926746\/?fref=ts' target=\"_blank\" rel=\"noopener noreferrer\" class='av-icon-char' style='font-size:40px;line-height:40px;' aria-hidden='true' data-av_icon='\ue8f4' data-av_iconfont='entypo-fontello'><\/a><\/span><span  class=\"av_font_icon avia_animate_when_visible avia-icon-animate  av-icon-style-  av-no-color avia-icon-pos-left \" style=\"\"><a href='https:\/\/twitter.com\/MurrayAdvogados' target=\"_blank\" rel=\"noopener noreferrer\" class='av-icon-char' style='font-size:40px;line-height:40px;' aria-hidden='true' data-av_icon='\ue8fb' data-av_iconfont='entypo-fontello'><\/a><\/span><span  class=\"av_font_icon avia_animate_when_visible avia-icon-animate  av-icon-style-  av-no-color avia-icon-pos-left \" style=\"\"><a href='https:\/\/www.linkedin.com\/company\/murray-advogados\/?viewAsMember=true' target=\"_blank\" rel=\"noopener noreferrer\" class='av-icon-char' style='font-size:40px;line-height:40px;' aria-hidden='true' data-av_icon='\ue8fd' data-av_iconfont='entypo-fontello'><\/a><\/span><\/p>\n<\/div><\/section><br \/>\n<div  style='height:30px' class='hr hr-invisible   avia-builder-el-15  el_after_av_textblock  el_before_av_textblock '><span class='hr-inner ' ><span class='hr-inner-style'><\/span><\/span><\/div><br \/>\n<section class=\"av_textblock_section \" ><div class='avia_textblock  '  ><p>You can also email directly at <a href=\"mailto:murray@murray.adv.br\">murray@murray.adv.br<\/a><\/p>\n<\/div><\/section><\/p><\/div><\/p>\n","protected":false},"excerpt":{"rendered":"","protected":false},"author":1,"featured_media":0,"parent":0,"menu_order":0,"comment_status":"open","ping_status":"open","template":"","meta":{"footnotes":""},"class_list":["post-21023","page","type-page","status-publish","hentry"],"yoast_head":"<!-- This site is optimized with the Yoast SEO plugin v27.0 - https:\/\/yoast.com\/product\/yoast-seo-wordpress\/ -->\n<title>Contact Us - Murray Advogados<\/title>\n<meta name=\"robots\" content=\"index, follow, max-snippet:-1, max-image-preview:large, max-video-preview:-1\" \/>\n<link rel=\"canonical\" href=\"https:\/\/murray.adv.br\/entre-em-contato\/\" \/>\n<meta property=\"og:locale\" content=\"en_US\" \/>\n<meta property=\"og:type\" content=\"article\" \/>\n<meta property=\"og:title\" content=\"Contact Us - Murray Advogados\" \/>\n<meta property=\"og:url\" content=\"https:\/\/murray.adv.br\/entre-em-contato\/\" \/>\n<meta property=\"og:site_name\" content=\"Murray Advogados\" \/>\n<meta property=\"article:modified_time\" content=\"2023-12-07T17:30:40+00:00\" \/>\n<meta name=\"twitter:card\" content=\"summary_large_image\" \/>\n<meta name=\"twitter:label1\" content=\"Est. reading time\" \/>\n\t<meta name=\"twitter:data1\" content=\"2 minutes\" \/>\n<script type=\"application\/ld+json\" class=\"yoast-schema-graph\">{\"@context\":\"https:\/\/schema.org\",\"@graph\":[{\"@type\":\"WebPage\",\"@id\":\"https:\/\/murray.adv.br\/entre-em-contato\/\",\"url\":\"https:\/\/murray.adv.br\/entre-em-contato\/\",\"name\":\"Contact Us - Murray Advogados\",\"isPartOf\":{\"@id\":\"https:\/\/murray.adv.br\/en\/#website\"},\"datePublished\":\"2016-06-14T17:55:58+00:00\",\"dateModified\":\"2023-12-07T17:30:40+00:00\",\"breadcrumb\":{\"@id\":\"https:\/\/murray.adv.br\/entre-em-contato\/#breadcrumb\"},\"inLanguage\":\"en-US\",\"potentialAction\":[{\"@type\":\"ReadAction\",\"target\":[\"https:\/\/murray.adv.br\/entre-em-contato\/\"]}]},{\"@type\":\"BreadcrumbList\",\"@id\":\"https:\/\/murray.adv.br\/entre-em-contato\/#breadcrumb\",\"itemListElement\":[{\"@type\":\"ListItem\",\"position\":1,\"name\":\"In\u00edcio\",\"item\":\"https:\/\/murray.adv.br\/en\/home\/\"},{\"@type\":\"ListItem\",\"position\":2,\"name\":\"Contact Us\"}]},{\"@type\":\"WebSite\",\"@id\":\"https:\/\/murray.adv.br\/en\/#website\",\"url\":\"https:\/\/murray.adv.br\/en\/\",\"name\":\"Murray Advogados\",\"description\":\"PLG International Lawyers\",\"potentialAction\":[{\"@type\":\"SearchAction\",\"target\":{\"@type\":\"EntryPoint\",\"urlTemplate\":\"https:\/\/murray.adv.br\/en\/?s={search_term_string}\"},\"query-input\":{\"@type\":\"PropertyValueSpecification\",\"valueRequired\":true,\"valueName\":\"search_term_string\"}}],\"inLanguage\":\"en-US\"}]}<\/script>\n<!-- \/ Yoast SEO plugin. -->","yoast_head_json":{"title":"Contact Us - Murray Advogados","robots":{"index":"index","follow":"follow","max-snippet":"max-snippet:-1","max-image-preview":"max-image-preview:large","max-video-preview":"max-video-preview:-1"},"canonical":"https:\/\/murray.adv.br\/entre-em-contato\/","og_locale":"en_US","og_type":"article","og_title":"Contact Us - Murray Advogados","og_url":"https:\/\/murray.adv.br\/entre-em-contato\/","og_site_name":"Murray Advogados","article_modified_time":"2023-12-07T17:30:40+00:00","twitter_card":"summary_large_image","twitter_misc":{"Est. reading time":"2 minutes"},"schema":{"@context":"https:\/\/schema.org","@graph":[{"@type":"WebPage","@id":"https:\/\/murray.adv.br\/entre-em-contato\/","url":"https:\/\/murray.adv.br\/entre-em-contato\/","name":"Contact Us - Murray Advogados","isPartOf":{"@id":"https:\/\/murray.adv.br\/en\/#website"},"datePublished":"2016-06-14T17:55:58+00:00","dateModified":"2023-12-07T17:30:40+00:00","breadcrumb":{"@id":"https:\/\/murray.adv.br\/entre-em-contato\/#breadcrumb"},"inLanguage":"en-US","potentialAction":[{"@type":"ReadAction","target":["https:\/\/murray.adv.br\/entre-em-contato\/"]}]},{"@type":"BreadcrumbList","@id":"https:\/\/murray.adv.br\/entre-em-contato\/#breadcrumb","itemListElement":[{"@type":"ListItem","position":1,"name":"In\u00edcio","item":"https:\/\/murray.adv.br\/en\/home\/"},{"@type":"ListItem","position":2,"name":"Contact Us"}]},{"@type":"WebSite","@id":"https:\/\/murray.adv.br\/en\/#website","url":"https:\/\/murray.adv.br\/en\/","name":"Murray Advogados","description":"PLG International Lawyers","potentialAction":[{"@type":"SearchAction","target":{"@type":"EntryPoint","urlTemplate":"https:\/\/murray.adv.br\/en\/?s={search_term_string}"},"query-input":{"@type":"PropertyValueSpecification","valueRequired":true,"valueName":"search_term_string"}}],"inLanguage":"en-US"}]}},"_links":{"self":[{"href":"https:\/\/murray.adv.br\/en\/wp-json\/wp\/v2\/pages\/21023","targetHints":{"allow":["GET"]}}],"collection":[{"href":"https:\/\/murray.adv.br\/en\/wp-json\/wp\/v2\/pages"}],"about":[{"href":"https:\/\/murray.adv.br\/en\/wp-json\/wp\/v2\/types\/page"}],"author":[{"embeddable":true,"href":"https:\/\/murray.adv.br\/en\/wp-json\/wp\/v2\/users\/1"}],"replies":[{"embeddable":true,"href":"https:\/\/murray.adv.br\/en\/wp-json\/wp\/v2\/comments?post=21023"}],"version-history":[{"count":6,"href":"https:\/\/murray.adv.br\/en\/wp-json\/wp\/v2\/pages\/21023\/revisions"}],"predecessor-version":[{"id":85655,"href":"https:\/\/murray.adv.br\/en\/wp-json\/wp\/v2\/pages\/21023\/revisions\/85655"}],"wp:attachment":[{"href":"https:\/\/murray.adv.br\/en\/wp-json\/wp\/v2\/media?parent=21023"}],"curies":[{"name":"wp","href":"https:\/\/api.w.org\/{rel}","templated":true}]}}